{"id":42651,"date":"2023-03-05T10:43:27","date_gmt":"2023-03-05T09:43:27","guid":{"rendered":"https:\/\/store.fight-district.com\/produit\/laurier-trucker-cap\/"},"modified":"2025-12-04T15:50:32","modified_gmt":"2025-12-04T14:50:32","slug":"fight-district-trucker-casquette-logo-laurier-white-et-pink","status":"publish","type":"product","link":"https:\/\/store.fight-district.com\/en\/product\/fight-district-trucker-casquette-logo-laurier-white-et-pink\/","title":{"rendered":"White and Pink Laurier Trucker cap"},"content":{"rendered":"<ul>\n<li>Style : Trucker cap<\/li>\n<li>Closure: Plastic<\/li>\n<li>Front panel : Polyester foam<\/li>\n<li>Peak : Standard<\/li>\n<\/ul>\n","protected":false},"excerpt":{"rendered":"<p>With its foam structure in the front and its characteristic trucker mesh back, this white-blue-red or pink-white cap is light and lets your head breathe. You can adjust it perfectly thanks to its plastic tab tightening system. And the curved visor provides effective protection for your face.<\/p>\n","protected":false},"featured_media":39021,"comment_status":"open","ping_status":"closed","template":"","meta":[],"product_brand":[],"product_cat":[387,388,389],"product_tag":[],"class_list":{"0":"post-42651","1":"product","2":"type-product","3":"status-publish","4":"has-post-thumbnail","6":"product_cat-caps-beanies-women","7":"product_cat-caps-beanies-men","8":"product_cat-laurier-en","10":"first","11":"instock","12":"taxable","13":"shipping-taxable","14":"purchasable","15":"product-type-simple"},"supplier_id":36972,"supplier_sku":"","barcode":null,"atum_controlled":true,"out_stock_date":null,"out_stock_threshold":null,"inheritable":false,"inbound_stock":0,"stock_on_hold":0,"sold_today":0,"sales_last_days":0,"reserved_stock":0,"customer_returns":0,"warehouse_damage":0,"lost_in_post":0,"other_logs":0,"out_stock_days":0,"lost_sales":0,"has_location":true,"update_date":"2026-04-27T06:51:12","atum_locations":[{"id":478,"name":"A11.02.04.1","slug":"a11-02-04-1"}],"atum_stock_status":"instock","restock_status":false,"low_stock_amount":"","sales_update_date":"2026-04-27T06:51:12","calc_backorders":null,"yoast_head":"<!-- This site is optimized with the Yoast SEO plugin v27.3 - https:\/\/yoast.com\/product\/yoast-seo-wordpress\/ -->\n<title>Pink Trucker Cap | Fight-District Store\u00ae<\/title>\n<meta name=\"description\" content=\"With its foam structure at the front and distinctive mesh back, the pink trucker cap will let your head breathe.\" \/>\n<meta name=\"robots\" content=\"index, follow, max-snippet:-1, max-image-preview:large, max-video-preview:-1\" \/>\n<link rel=\"canonical\" href=\"https:\/\/store.fight-district.com\/en\/product\/fight-district-trucker-casquette-logo-laurier-white-et-pink\/\" \/>\n<meta property=\"og:locale\" content=\"en_US\" \/>\n<meta property=\"og:type\" content=\"article\" \/>\n<meta property=\"og:title\" content=\"Pink Trucker Cap | Fight-District Store\u00ae\" \/>\n<meta property=\"og:description\" content=\"With its foam structure at the front and distinctive mesh back, the pink trucker cap will let your head breathe.\" \/>\n<meta property=\"og:url\" content=\"https:\/\/store.fight-district.com\/en\/product\/fight-district-trucker-casquette-logo-laurier-white-et-pink\/\" \/>\n<meta property=\"og:site_name\" content=\"Fight-District Store\u00ae\" \/>\n<meta property=\"article:publisher\" content=\"https:\/\/www.facebook.com\/fightdistrict.store\" \/>\n<meta property=\"article:modified_time\" content=\"2025-12-04T14:50:32+00:00\" \/>\n<meta property=\"og:image\" content=\"https:\/\/store.fight-district.com\/wp-content\/uploads\/2023\/07\/17_ACC_1x1_1200x1200_72DPI_RemediaProd.jpg\" \/>\n\t<meta property=\"og:image:width\" content=\"1200\" \/>\n\t<meta property=\"og:image:height\" content=\"1200\" \/>\n\t<meta property=\"og:image:type\" content=\"image\/jpeg\" \/>\n<meta name=\"twitter:card\" content=\"summary_large_image\" \/>\n<meta name=\"twitter:label1\" content=\"Est. reading time\" \/>\n\t<meta name=\"twitter:data1\" content=\"1 minute\" \/>\n<script type=\"application\/ld+json\" class=\"yoast-schema-graph\">{\"@context\":\"https:\\\/\\\/schema.org\",\"@graph\":[{\"@type\":\"WebPage\",\"@id\":\"https:\\\/\\\/store.fight-district.com\\\/en\\\/product\\\/fight-district-trucker-casquette-logo-laurier-white-et-pink\\\/\",\"url\":\"https:\\\/\\\/store.fight-district.com\\\/en\\\/product\\\/fight-district-trucker-casquette-logo-laurier-white-et-pink\\\/\",\"name\":\"Pink Trucker Cap | Fight-District Store\u00ae\",\"isPartOf\":{\"@id\":\"https:\\\/\\\/store.fight-district.com\\\/en\\\/#website\"},\"primaryImageOfPage\":{\"@id\":\"https:\\\/\\\/store.fight-district.com\\\/en\\\/product\\\/fight-district-trucker-casquette-logo-laurier-white-et-pink\\\/#primaryimage\"},\"image\":{\"@id\":\"https:\\\/\\\/store.fight-district.com\\\/en\\\/product\\\/fight-district-trucker-casquette-logo-laurier-white-et-pink\\\/#primaryimage\"},\"thumbnailUrl\":\"https:\\\/\\\/store.fight-district.com\\\/wp-content\\\/uploads\\\/2023\\\/07\\\/17_ACC_1x1_1200x1200_72DPI_RemediaProd.jpg\",\"datePublished\":\"2023-03-05T09:43:27+00:00\",\"dateModified\":\"2025-12-04T14:50:32+00:00\",\"description\":\"With its foam structure at the front and distinctive mesh back, the pink trucker cap will let your head breathe.\",\"breadcrumb\":{\"@id\":\"https:\\\/\\\/store.fight-district.com\\\/en\\\/product\\\/fight-district-trucker-casquette-logo-laurier-white-et-pink\\\/#breadcrumb\"},\"inLanguage\":\"en-US\",\"potentialAction\":[{\"@type\":\"ReadAction\",\"target\":[\"https:\\\/\\\/store.fight-district.com\\\/en\\\/product\\\/fight-district-trucker-casquette-logo-laurier-white-et-pink\\\/\"]}]},{\"@type\":\"ImageObject\",\"inLanguage\":\"en-US\",\"@id\":\"https:\\\/\\\/store.fight-district.com\\\/en\\\/product\\\/fight-district-trucker-casquette-logo-laurier-white-et-pink\\\/#primaryimage\",\"url\":\"https:\\\/\\\/store.fight-district.com\\\/wp-content\\\/uploads\\\/2023\\\/07\\\/17_ACC_1x1_1200x1200_72DPI_RemediaProd.jpg\",\"contentUrl\":\"https:\\\/\\\/store.fight-district.com\\\/wp-content\\\/uploads\\\/2023\\\/07\\\/17_ACC_1x1_1200x1200_72DPI_RemediaProd.jpg\",\"width\":1200,\"height\":1200,\"caption\":\"l'avant d'une Casquette Fight-District blanche \u00e0 l'avant et rose \u00e0 l'arri\u00e8re avec le logo laurier devant\"},{\"@type\":\"BreadcrumbList\",\"@id\":\"https:\\\/\\\/store.fight-district.com\\\/en\\\/product\\\/fight-district-trucker-casquette-logo-laurier-white-et-pink\\\/#breadcrumb\",\"itemListElement\":[{\"@type\":\"ListItem\",\"position\":1,\"name\":\"Home\",\"item\":\"https:\\\/\\\/store.fight-district.com\\\/en\\\/\"},{\"@type\":\"ListItem\",\"position\":2,\"name\":\"Shop\",\"item\":\"https:\\\/\\\/store.fight-district.com\\\/shop\\\/\"},{\"@type\":\"ListItem\",\"position\":3,\"name\":\"White and Pink Laurier Trucker cap\"}]},{\"@type\":\"WebSite\",\"@id\":\"https:\\\/\\\/store.fight-district.com\\\/en\\\/#website\",\"url\":\"https:\\\/\\\/store.fight-district.com\\\/en\\\/\",\"name\":\"Fight-District Store\u00ae | Official Store\",\"description\":\"Your fight, your style !\",\"publisher\":{\"@id\":\"https:\\\/\\\/store.fight-district.com\\\/en\\\/#organization\"},\"alternateName\":\"Fight-District Store\u00ae | Official Store\",\"potentialAction\":[{\"@type\":\"SearchAction\",\"target\":{\"@type\":\"EntryPoint\",\"urlTemplate\":\"https:\\\/\\\/store.fight-district.com\\\/en\\\/?s={search_term_string}\"},\"query-input\":{\"@type\":\"PropertyValueSpecification\",\"valueRequired\":true,\"valueName\":\"search_term_string\"}}],\"inLanguage\":\"en-US\"},{\"@type\":\"Organization\",\"@id\":\"https:\\\/\\\/store.fight-district.com\\\/en\\\/#organization\",\"name\":\"Fight-District\u00ae | Official Store\",\"url\":\"https:\\\/\\\/store.fight-district.com\\\/en\\\/\",\"logo\":{\"@type\":\"ImageObject\",\"inLanguage\":\"en-US\",\"@id\":\"https:\\\/\\\/store.fight-district.com\\\/en\\\/#\\\/schema\\\/logo\\\/image\\\/\",\"url\":\"https:\\\/\\\/store.fight-district.com\\\/wp-content\\\/uploads\\\/2023\\\/07\\\/Logo-laurier-noir.png\",\"contentUrl\":\"https:\\\/\\\/store.fight-district.com\\\/wp-content\\\/uploads\\\/2023\\\/07\\\/Logo-laurier-noir.png\",\"width\":420,\"height\":400,\"caption\":\"Fight-District\u00ae | Official Store\"},\"image\":{\"@id\":\"https:\\\/\\\/store.fight-district.com\\\/en\\\/#\\\/schema\\\/logo\\\/image\\\/\"},\"sameAs\":[\"https:\\\/\\\/www.facebook.com\\\/fightdistrict.store\",\"https:\\\/\\\/www.instagram.com\\\/fightdistrict.store\\\/\"]}]}<\/script>\n<!-- \/ Yoast SEO plugin. -->","yoast_head_json":{"title":"Pink Trucker Cap | Fight-District Store\u00ae","description":"With its foam structure at the front and distinctive mesh back, the pink trucker cap will let your head breathe.","robots":{"index":"index","follow":"follow","max-snippet":"max-snippet:-1","max-image-preview":"max-image-preview:large","max-video-preview":"max-video-preview:-1"},"canonical":"https:\/\/store.fight-district.com\/en\/product\/fight-district-trucker-casquette-logo-laurier-white-et-pink\/","og_locale":"en_US","og_type":"article","og_title":"Pink Trucker Cap | Fight-District Store\u00ae","og_description":"With its foam structure at the front and distinctive mesh back, the pink trucker cap will let your head breathe.","og_url":"https:\/\/store.fight-district.com\/en\/product\/fight-district-trucker-casquette-logo-laurier-white-et-pink\/","og_site_name":"Fight-District Store\u00ae","article_publisher":"https:\/\/www.facebook.com\/fightdistrict.store","article_modified_time":"2025-12-04T14:50:32+00:00","og_image":[{"width":1200,"height":1200,"url":"https:\/\/store.fight-district.com\/wp-content\/uploads\/2023\/07\/17_ACC_1x1_1200x1200_72DPI_RemediaProd.jpg","type":"image\/jpeg"}],"twitter_card":"summary_large_image","twitter_misc":{"Est. reading time":"1 minute"},"schema":{"@context":"https:\/\/schema.org","@graph":[{"@type":"WebPage","@id":"https:\/\/store.fight-district.com\/en\/product\/fight-district-trucker-casquette-logo-laurier-white-et-pink\/","url":"https:\/\/store.fight-district.com\/en\/product\/fight-district-trucker-casquette-logo-laurier-white-et-pink\/","name":"Pink Trucker Cap | Fight-District Store\u00ae","isPartOf":{"@id":"https:\/\/store.fight-district.com\/en\/#website"},"primaryImageOfPage":{"@id":"https:\/\/store.fight-district.com\/en\/product\/fight-district-trucker-casquette-logo-laurier-white-et-pink\/#primaryimage"},"image":{"@id":"https:\/\/store.fight-district.com\/en\/product\/fight-district-trucker-casquette-logo-laurier-white-et-pink\/#primaryimage"},"thumbnailUrl":"https:\/\/store.fight-district.com\/wp-content\/uploads\/2023\/07\/17_ACC_1x1_1200x1200_72DPI_RemediaProd.jpg","datePublished":"2023-03-05T09:43:27+00:00","dateModified":"2025-12-04T14:50:32+00:00","description":"With its foam structure at the front and distinctive mesh back, the pink trucker cap will let your head breathe.","breadcrumb":{"@id":"https:\/\/store.fight-district.com\/en\/product\/fight-district-trucker-casquette-logo-laurier-white-et-pink\/#breadcrumb"},"inLanguage":"en-US","potentialAction":[{"@type":"ReadAction","target":["https:\/\/store.fight-district.com\/en\/product\/fight-district-trucker-casquette-logo-laurier-white-et-pink\/"]}]},{"@type":"ImageObject","inLanguage":"en-US","@id":"https:\/\/store.fight-district.com\/en\/product\/fight-district-trucker-casquette-logo-laurier-white-et-pink\/#primaryimage","url":"https:\/\/store.fight-district.com\/wp-content\/uploads\/2023\/07\/17_ACC_1x1_1200x1200_72DPI_RemediaProd.jpg","contentUrl":"https:\/\/store.fight-district.com\/wp-content\/uploads\/2023\/07\/17_ACC_1x1_1200x1200_72DPI_RemediaProd.jpg","width":1200,"height":1200,"caption":"l'avant d'une Casquette Fight-District blanche \u00e0 l'avant et rose \u00e0 l'arri\u00e8re avec le logo laurier devant"},{"@type":"BreadcrumbList","@id":"https:\/\/store.fight-district.com\/en\/product\/fight-district-trucker-casquette-logo-laurier-white-et-pink\/#breadcrumb","itemListElement":[{"@type":"ListItem","position":1,"name":"Home","item":"https:\/\/store.fight-district.com\/en\/"},{"@type":"ListItem","position":2,"name":"Shop","item":"https:\/\/store.fight-district.com\/shop\/"},{"@type":"ListItem","position":3,"name":"White and Pink Laurier Trucker cap"}]},{"@type":"WebSite","@id":"https:\/\/store.fight-district.com\/en\/#website","url":"https:\/\/store.fight-district.com\/en\/","name":"Fight-District Store\u00ae | Official Store","description":"Your fight, your style !","publisher":{"@id":"https:\/\/store.fight-district.com\/en\/#organization"},"alternateName":"Fight-District Store\u00ae | Official Store","potentialAction":[{"@type":"SearchAction","target":{"@type":"EntryPoint","urlTemplate":"https:\/\/store.fight-district.com\/en\/?s={search_term_string}"},"query-input":{"@type":"PropertyValueSpecification","valueRequired":true,"valueName":"search_term_string"}}],"inLanguage":"en-US"},{"@type":"Organization","@id":"https:\/\/store.fight-district.com\/en\/#organization","name":"Fight-District\u00ae | Official Store","url":"https:\/\/store.fight-district.com\/en\/","logo":{"@type":"ImageObject","inLanguage":"en-US","@id":"https:\/\/store.fight-district.com\/en\/#\/schema\/logo\/image\/","url":"https:\/\/store.fight-district.com\/wp-content\/uploads\/2023\/07\/Logo-laurier-noir.png","contentUrl":"https:\/\/store.fight-district.com\/wp-content\/uploads\/2023\/07\/Logo-laurier-noir.png","width":420,"height":400,"caption":"Fight-District\u00ae | Official Store"},"image":{"@id":"https:\/\/store.fight-district.com\/en\/#\/schema\/logo\/image\/"},"sameAs":["https:\/\/www.facebook.com\/fightdistrict.store","https:\/\/www.instagram.com\/fightdistrict.store\/"]}]}},"_links":{"self":[{"href":"https:\/\/store.fight-district.com\/en\/wp-json\/wp\/v2\/product\/42651","targetHints":{"allow":["GET"]}}],"collection":[{"href":"https:\/\/store.fight-district.com\/en\/wp-json\/wp\/v2\/product"}],"about":[{"href":"https:\/\/store.fight-district.com\/en\/wp-json\/wp\/v2\/types\/product"}],"replies":[{"embeddable":true,"href":"https:\/\/store.fight-district.com\/en\/wp-json\/wp\/v2\/comments?post=42651"}],"version-history":[{"count":2,"href":"https:\/\/store.fight-district.com\/en\/wp-json\/wp\/v2\/product\/42651\/revisions"}],"predecessor-version":[{"id":44372,"href":"https:\/\/store.fight-district.com\/en\/wp-json\/wp\/v2\/product\/42651\/revisions\/44372"}],"wp:featuredmedia":[{"embeddable":true,"href":"https:\/\/store.fight-district.com\/en\/wp-json\/wp\/v2\/media\/39021"}],"wp:attachment":[{"href":"https:\/\/store.fight-district.com\/en\/wp-json\/wp\/v2\/media?parent=42651"}],"wp:term":[{"taxonomy":"product_brand","embeddable":true,"href":"https:\/\/store.fight-district.com\/en\/wp-json\/wp\/v2\/product_brand?post=42651"},{"taxonomy":"product_cat","embeddable":true,"href":"https:\/\/store.fight-district.com\/en\/wp-json\/wp\/v2\/product_cat?post=42651"},{"taxonomy":"product_tag","embeddable":true,"href":"https:\/\/store.fight-district.com\/en\/wp-json\/wp\/v2\/product_tag?post=42651"}],"curies":[{"name":"wp","href":"https:\/\/api.w.org\/{rel}","templated":true}]}}