{"id":43170,"date":"2023-06-29T14:09:58","date_gmt":"2023-06-29T12:09:58","guid":{"rendered":"https:\/\/store.fight-district.com\/produit\/t-shirt-regular-flag\/"},"modified":"2025-12-04T09:34:08","modified_gmt":"2025-12-04T08:34:08","slug":"t-shirt-regular-flag-blanc","status":"publish","type":"product","link":"https:\/\/store.fight-district.com\/en\/product\/t-shirt-regular-flag-blanc\/","title":{"rendered":"T-shirt Regular White Flag Blue"},"content":{"rendered":"<ul>\n<li><span data-sheets-value=\"{\"1\":2,\"2\":\"Manches mont\u00e9es\\nCol en c\u00f4te 1\u00d71\\nBande de propret\u00e9 int\u00e9rieur col dans la mati\u00e8re principale\\nSurpiq\u00fbre double large en bas de manches et bas de corps\"}\" data-sheets-userformat=\"{\"2\":4286,\"4\":{\"1\":2,\"2\":16776960},\"5\":{\"1\":[{\"1\":2,\"2\":0,\"5\":{\"1\":2,\"2\":0}},{\"1\":0,\"2\":0,\"3\":3},{\"1\":1,\"2\":0,\"4\":1}]},\"6\":{\"1\":[{\"1\":2,\"2\":0,\"5\":{\"1\":2,\"2\":0}},{\"1\":0,\"2\":0,\"3\":3},{\"1\":1,\"2\":0,\"4\":1}]},\"7\":{\"1\":[{\"1\":2,\"2\":0,\"5\":{\"1\":2,\"2\":0}},{\"1\":0,\"2\":0,\"3\":3},{\"1\":1,\"2\":0,\"4\":1}]},\"8\":{\"1\":[{\"1\":2,\"2\":0,\"5\":{\"1\":2,\"2\":0}},{\"1\":0,\"2\":0,\"3\":3},{\"1\":1,\"2\":0,\"4\":1}]},\"10\":1,\"15\":\"Arial\"}\" data-sheets-formula=\"='Many Ways'!R[80]C[58]\">Fitted sleeves<br \/>\n<\/span><\/li>\n<li><span data-sheets-value=\"{\"1\":2,\"2\":\"Manches mont\u00e9es\\nCol en c\u00f4te 1\u00d71\\nBande de propret\u00e9 int\u00e9rieur col dans la mati\u00e8re principale\\nSurpiq\u00fbre double large en bas de manches et bas de corps\"}\" data-sheets-userformat=\"{\"2\":4286,\"4\":{\"1\":2,\"2\":16776960},\"5\":{\"1\":[{\"1\":2,\"2\":0,\"5\":{\"1\":2,\"2\":0}},{\"1\":0,\"2\":0,\"3\":3},{\"1\":1,\"2\":0,\"4\":1}]},\"6\":{\"1\":[{\"1\":2,\"2\":0,\"5\":{\"1\":2,\"2\":0}},{\"1\":0,\"2\":0,\"3\":3},{\"1\":1,\"2\":0,\"4\":1}]},\"7\":{\"1\":[{\"1\":2,\"2\":0,\"5\":{\"1\":2,\"2\":0}},{\"1\":0,\"2\":0,\"3\":3},{\"1\":1,\"2\":0,\"4\":1}]},\"8\":{\"1\":[{\"1\":2,\"2\":0,\"5\":{\"1\":2,\"2\":0}},{\"1\":0,\"2\":0,\"3\":3},{\"1\":1,\"2\":0,\"4\":1}]},\"10\":1,\"15\":\"Arial\"}\" data-sheets-formula=\"='Many Ways'!R[80]C[58]\">1\u00d71 ribbed collar<br \/>\n<\/span><\/li>\n<li><span data-sheets-value=\"{\"1\":2,\"2\":\"Manches mont\u00e9es\\nCol en c\u00f4te 1\u00d71\\nBande de propret\u00e9 int\u00e9rieur col dans la mati\u00e8re principale\\nSurpiq\u00fbre double large en bas de manches et bas de corps\"}\" data-sheets-userformat=\"{\"2\":4286,\"4\":{\"1\":2,\"2\":16776960},\"5\":{\"1\":[{\"1\":2,\"2\":0,\"5\":{\"1\":2,\"2\":0}},{\"1\":0,\"2\":0,\"3\":3},{\"1\":1,\"2\":0,\"4\":1}]},\"6\":{\"1\":[{\"1\":2,\"2\":0,\"5\":{\"1\":2,\"2\":0}},{\"1\":0,\"2\":0,\"3\":3},{\"1\":1,\"2\":0,\"4\":1}]},\"7\":{\"1\":[{\"1\":2,\"2\":0,\"5\":{\"1\":2,\"2\":0}},{\"1\":0,\"2\":0,\"3\":3},{\"1\":1,\"2\":0,\"4\":1}]},\"8\":{\"1\":[{\"1\":2,\"2\":0,\"5\":{\"1\":2,\"2\":0}},{\"1\":0,\"2\":0,\"3\":3},{\"1\":1,\"2\":0,\"4\":1}]},\"10\":1,\"15\":\"Arial\"}\" data-sheets-formula=\"='Many Ways'!R[80]C[58]\">Inside collar lining in the main material<br \/>\n<\/span><\/li>\n<li><span data-sheets-value=\"{\"1\":2,\"2\":\"Manches mont\u00e9es\\nCol en c\u00f4te 1\u00d71\\nBande de propret\u00e9 int\u00e9rieur col dans la mati\u00e8re principale\\nSurpiq\u00fbre double large en bas de manches et bas de corps\"}\" data-sheets-userformat=\"{\"2\":4286,\"4\":{\"1\":2,\"2\":16776960},\"5\":{\"1\":[{\"1\":2,\"2\":0,\"5\":{\"1\":2,\"2\":0}},{\"1\":0,\"2\":0,\"3\":3},{\"1\":1,\"2\":0,\"4\":1}]},\"6\":{\"1\":[{\"1\":2,\"2\":0,\"5\":{\"1\":2,\"2\":0}},{\"1\":0,\"2\":0,\"3\":3},{\"1\":1,\"2\":0,\"4\":1}]},\"7\":{\"1\":[{\"1\":2,\"2\":0,\"5\":{\"1\":2,\"2\":0}},{\"1\":0,\"2\":0,\"3\":3},{\"1\":1,\"2\":0,\"4\":1}]},\"8\":{\"1\":[{\"1\":2,\"2\":0,\"5\":{\"1\":2,\"2\":0}},{\"1\":0,\"2\":0,\"3\":3},{\"1\":1,\"2\":0,\"4\":1}]},\"10\":1,\"15\":\"Arial\"}\" data-sheets-formula=\"='Many Ways'!R[80]C[58]\">Double wide stitching on bottom of sleeves and bottom of body<\/span><\/li>\n<\/ul>\n","protected":false},"excerpt":{"rendered":"<p>Assert your identity with this Fight-District T-shirt. Its soft fabric guarantees optimum comfort, like a second skin. Wear the Regular Flag logo with pride and join the tribe of fighters who turn their difference into strength. Add it to your collection and express your unique style!<\/p>\n","protected":false},"featured_media":45861,"comment_status":"closed","ping_status":"closed","template":"","meta":[],"product_brand":[],"product_cat":[403,372,370,438],"product_tag":[],"class_list":{"0":"post-43170","1":"product","2":"type-product","3":"status-publish","4":"has-post-thumbnail","6":"product_cat-flag-en","7":"product_cat-men","8":"product_cat-streetwear-en","9":"product_cat-t-shirts-polos-men","11":"first","12":"instock","13":"taxable","14":"shipping-taxable","15":"purchasable","16":"product-type-variable"},"supplier_id":null,"supplier_sku":"","barcode":null,"atum_controlled":true,"out_stock_date":null,"out_stock_threshold":null,"inheritable":true,"inbound_stock":0,"stock_on_hold":0,"sold_today":0,"sales_last_days":0,"reserved_stock":0,"customer_returns":0,"warehouse_damage":0,"lost_in_post":0,"other_logs":0,"out_stock_days":0,"lost_sales":0,"has_location":true,"update_date":"2026-04-15T01:33:26","atum_locations":[{"id":639,"name":"A10.01.08.1","slug":"a10-01-08-1"},{"id":635,"name":"A10.01.09.1","slug":"a10-01-09-1"},{"id":636,"name":"A10.01.09.2","slug":"a10-01-09-2"},{"id":637,"name":"A10.01.09.3","slug":"a10-01-09-3"},{"id":638,"name":"A10.01.09.4","slug":"a10-01-09-4"}],"atum_stock_status":"instock","restock_status":false,"low_stock_amount":"","sales_update_date":"2026-04-15T01:33:26","calc_backorders":null,"yoast_head":"<!-- This site is optimized with the Yoast SEO plugin v27.3 - https:\/\/yoast.com\/product\/yoast-seo-wordpress\/ -->\n<title>White T-Shirt Flag | Fight-District Store\u00ae<\/title>\n<meta name=\"description\" content=\"Show that you belong to the clan! With its ultra-soft cotton, this white Fight-District Flag T-shirt will make you feel like you&#039;re wearing a second skin.\" \/>\n<meta name=\"robots\" content=\"index, follow, max-snippet:-1, max-image-preview:large, max-video-preview:-1\" \/>\n<link rel=\"canonical\" href=\"https:\/\/store.fight-district.com\/en\/product\/t-shirt-regular-flag-blanc\/\" \/>\n<meta property=\"og:locale\" content=\"en_US\" \/>\n<meta property=\"og:type\" content=\"article\" \/>\n<meta property=\"og:title\" content=\"White T-Shirt Flag | Fight-District Store\u00ae\" \/>\n<meta property=\"og:description\" content=\"Show that you belong to the clan! With its ultra-soft cotton, this white Fight-District Flag T-shirt will make you feel like you&#039;re wearing a second skin.\" \/>\n<meta property=\"og:url\" content=\"https:\/\/store.fight-district.com\/en\/product\/t-shirt-regular-flag-blanc\/\" \/>\n<meta property=\"og:site_name\" content=\"Fight-District Store\u00ae\" \/>\n<meta property=\"article:publisher\" content=\"https:\/\/www.facebook.com\/fightdistrict.store\" \/>\n<meta property=\"article:modified_time\" content=\"2025-12-04T08:34:08+00:00\" \/>\n<meta property=\"og:image\" content=\"https:\/\/store.fight-district.com\/wp-content\/uploads\/2024\/12\/66-1.png\" \/>\n\t<meta property=\"og:image:width\" content=\"1080\" \/>\n\t<meta property=\"og:image:height\" content=\"1080\" \/>\n\t<meta property=\"og:image:type\" content=\"image\/png\" \/>\n<meta name=\"twitter:card\" content=\"summary_large_image\" \/>\n<meta name=\"twitter:label1\" content=\"Est. reading time\" \/>\n\t<meta name=\"twitter:data1\" content=\"1 minute\" \/>\n<script type=\"application\/ld+json\" class=\"yoast-schema-graph\">{\"@context\":\"https:\\\/\\\/schema.org\",\"@graph\":[{\"@type\":\"WebPage\",\"@id\":\"https:\\\/\\\/store.fight-district.com\\\/en\\\/product\\\/t-shirt-regular-flag-blanc\\\/\",\"url\":\"https:\\\/\\\/store.fight-district.com\\\/en\\\/product\\\/t-shirt-regular-flag-blanc\\\/\",\"name\":\"White T-Shirt Flag | Fight-District Store\u00ae\",\"isPartOf\":{\"@id\":\"https:\\\/\\\/store.fight-district.com\\\/en\\\/#website\"},\"primaryImageOfPage\":{\"@id\":\"https:\\\/\\\/store.fight-district.com\\\/en\\\/product\\\/t-shirt-regular-flag-blanc\\\/#primaryimage\"},\"image\":{\"@id\":\"https:\\\/\\\/store.fight-district.com\\\/en\\\/product\\\/t-shirt-regular-flag-blanc\\\/#primaryimage\"},\"thumbnailUrl\":\"https:\\\/\\\/store.fight-district.com\\\/wp-content\\\/uploads\\\/2024\\\/12\\\/66-1.png\",\"datePublished\":\"2023-06-29T12:09:58+00:00\",\"dateModified\":\"2025-12-04T08:34:08+00:00\",\"description\":\"Show that you belong to the clan! With its ultra-soft cotton, this white Fight-District Flag T-shirt will make you feel like you're wearing a second skin.\",\"breadcrumb\":{\"@id\":\"https:\\\/\\\/store.fight-district.com\\\/en\\\/product\\\/t-shirt-regular-flag-blanc\\\/#breadcrumb\"},\"inLanguage\":\"en-US\",\"potentialAction\":[{\"@type\":\"ReadAction\",\"target\":[\"https:\\\/\\\/store.fight-district.com\\\/en\\\/product\\\/t-shirt-regular-flag-blanc\\\/\"]}]},{\"@type\":\"ImageObject\",\"inLanguage\":\"en-US\",\"@id\":\"https:\\\/\\\/store.fight-district.com\\\/en\\\/product\\\/t-shirt-regular-flag-blanc\\\/#primaryimage\",\"url\":\"https:\\\/\\\/store.fight-district.com\\\/wp-content\\\/uploads\\\/2024\\\/12\\\/66-1.png\",\"contentUrl\":\"https:\\\/\\\/store.fight-district.com\\\/wp-content\\\/uploads\\\/2024\\\/12\\\/66-1.png\",\"width\":1080,\"height\":1080},{\"@type\":\"BreadcrumbList\",\"@id\":\"https:\\\/\\\/store.fight-district.com\\\/en\\\/product\\\/t-shirt-regular-flag-blanc\\\/#breadcrumb\",\"itemListElement\":[{\"@type\":\"ListItem\",\"position\":1,\"name\":\"Home\",\"item\":\"https:\\\/\\\/store.fight-district.com\\\/en\\\/\"},{\"@type\":\"ListItem\",\"position\":2,\"name\":\"Shop\",\"item\":\"https:\\\/\\\/store.fight-district.com\\\/shop\\\/\"},{\"@type\":\"ListItem\",\"position\":3,\"name\":\"T-shirt Regular White Flag Blue\"}]},{\"@type\":\"WebSite\",\"@id\":\"https:\\\/\\\/store.fight-district.com\\\/en\\\/#website\",\"url\":\"https:\\\/\\\/store.fight-district.com\\\/en\\\/\",\"name\":\"Fight-District Store\u00ae | Official Store\",\"description\":\"Your fight, your style !\",\"publisher\":{\"@id\":\"https:\\\/\\\/store.fight-district.com\\\/en\\\/#organization\"},\"alternateName\":\"Fight-District Store\u00ae | Official Store\",\"potentialAction\":[{\"@type\":\"SearchAction\",\"target\":{\"@type\":\"EntryPoint\",\"urlTemplate\":\"https:\\\/\\\/store.fight-district.com\\\/en\\\/?s={search_term_string}\"},\"query-input\":{\"@type\":\"PropertyValueSpecification\",\"valueRequired\":true,\"valueName\":\"search_term_string\"}}],\"inLanguage\":\"en-US\"},{\"@type\":\"Organization\",\"@id\":\"https:\\\/\\\/store.fight-district.com\\\/en\\\/#organization\",\"name\":\"Fight-District\u00ae | Official Store\",\"url\":\"https:\\\/\\\/store.fight-district.com\\\/en\\\/\",\"logo\":{\"@type\":\"ImageObject\",\"inLanguage\":\"en-US\",\"@id\":\"https:\\\/\\\/store.fight-district.com\\\/en\\\/#\\\/schema\\\/logo\\\/image\\\/\",\"url\":\"https:\\\/\\\/store.fight-district.com\\\/wp-content\\\/uploads\\\/2023\\\/07\\\/Logo-laurier-noir.png\",\"contentUrl\":\"https:\\\/\\\/store.fight-district.com\\\/wp-content\\\/uploads\\\/2023\\\/07\\\/Logo-laurier-noir.png\",\"width\":420,\"height\":400,\"caption\":\"Fight-District\u00ae | Official Store\"},\"image\":{\"@id\":\"https:\\\/\\\/store.fight-district.com\\\/en\\\/#\\\/schema\\\/logo\\\/image\\\/\"},\"sameAs\":[\"https:\\\/\\\/www.facebook.com\\\/fightdistrict.store\",\"https:\\\/\\\/www.instagram.com\\\/fightdistrict.store\\\/\"]}]}<\/script>\n<!-- \/ Yoast SEO plugin. -->","yoast_head_json":{"title":"White T-Shirt Flag | Fight-District Store\u00ae","description":"Show that you belong to the clan! With its ultra-soft cotton, this white Fight-District Flag T-shirt will make you feel like you're wearing a second skin.","robots":{"index":"index","follow":"follow","max-snippet":"max-snippet:-1","max-image-preview":"max-image-preview:large","max-video-preview":"max-video-preview:-1"},"canonical":"https:\/\/store.fight-district.com\/en\/product\/t-shirt-regular-flag-blanc\/","og_locale":"en_US","og_type":"article","og_title":"White T-Shirt Flag | Fight-District Store\u00ae","og_description":"Show that you belong to the clan! With its ultra-soft cotton, this white Fight-District Flag T-shirt will make you feel like you're wearing a second skin.","og_url":"https:\/\/store.fight-district.com\/en\/product\/t-shirt-regular-flag-blanc\/","og_site_name":"Fight-District Store\u00ae","article_publisher":"https:\/\/www.facebook.com\/fightdistrict.store","article_modified_time":"2025-12-04T08:34:08+00:00","og_image":[{"width":1080,"height":1080,"url":"https:\/\/store.fight-district.com\/wp-content\/uploads\/2024\/12\/66-1.png","type":"image\/png"}],"twitter_card":"summary_large_image","twitter_misc":{"Est. reading time":"1 minute"},"schema":{"@context":"https:\/\/schema.org","@graph":[{"@type":"WebPage","@id":"https:\/\/store.fight-district.com\/en\/product\/t-shirt-regular-flag-blanc\/","url":"https:\/\/store.fight-district.com\/en\/product\/t-shirt-regular-flag-blanc\/","name":"White T-Shirt Flag | Fight-District Store\u00ae","isPartOf":{"@id":"https:\/\/store.fight-district.com\/en\/#website"},"primaryImageOfPage":{"@id":"https:\/\/store.fight-district.com\/en\/product\/t-shirt-regular-flag-blanc\/#primaryimage"},"image":{"@id":"https:\/\/store.fight-district.com\/en\/product\/t-shirt-regular-flag-blanc\/#primaryimage"},"thumbnailUrl":"https:\/\/store.fight-district.com\/wp-content\/uploads\/2024\/12\/66-1.png","datePublished":"2023-06-29T12:09:58+00:00","dateModified":"2025-12-04T08:34:08+00:00","description":"Show that you belong to the clan! With its ultra-soft cotton, this white Fight-District Flag T-shirt will make you feel like you're wearing a second skin.","breadcrumb":{"@id":"https:\/\/store.fight-district.com\/en\/product\/t-shirt-regular-flag-blanc\/#breadcrumb"},"inLanguage":"en-US","potentialAction":[{"@type":"ReadAction","target":["https:\/\/store.fight-district.com\/en\/product\/t-shirt-regular-flag-blanc\/"]}]},{"@type":"ImageObject","inLanguage":"en-US","@id":"https:\/\/store.fight-district.com\/en\/product\/t-shirt-regular-flag-blanc\/#primaryimage","url":"https:\/\/store.fight-district.com\/wp-content\/uploads\/2024\/12\/66-1.png","contentUrl":"https:\/\/store.fight-district.com\/wp-content\/uploads\/2024\/12\/66-1.png","width":1080,"height":1080},{"@type":"BreadcrumbList","@id":"https:\/\/store.fight-district.com\/en\/product\/t-shirt-regular-flag-blanc\/#breadcrumb","itemListElement":[{"@type":"ListItem","position":1,"name":"Home","item":"https:\/\/store.fight-district.com\/en\/"},{"@type":"ListItem","position":2,"name":"Shop","item":"https:\/\/store.fight-district.com\/shop\/"},{"@type":"ListItem","position":3,"name":"T-shirt Regular White Flag Blue"}]},{"@type":"WebSite","@id":"https:\/\/store.fight-district.com\/en\/#website","url":"https:\/\/store.fight-district.com\/en\/","name":"Fight-District Store\u00ae | Official Store","description":"Your fight, your style !","publisher":{"@id":"https:\/\/store.fight-district.com\/en\/#organization"},"alternateName":"Fight-District Store\u00ae | Official Store","potentialAction":[{"@type":"SearchAction","target":{"@type":"EntryPoint","urlTemplate":"https:\/\/store.fight-district.com\/en\/?s={search_term_string}"},"query-input":{"@type":"PropertyValueSpecification","valueRequired":true,"valueName":"search_term_string"}}],"inLanguage":"en-US"},{"@type":"Organization","@id":"https:\/\/store.fight-district.com\/en\/#organization","name":"Fight-District\u00ae | Official Store","url":"https:\/\/store.fight-district.com\/en\/","logo":{"@type":"ImageObject","inLanguage":"en-US","@id":"https:\/\/store.fight-district.com\/en\/#\/schema\/logo\/image\/","url":"https:\/\/store.fight-district.com\/wp-content\/uploads\/2023\/07\/Logo-laurier-noir.png","contentUrl":"https:\/\/store.fight-district.com\/wp-content\/uploads\/2023\/07\/Logo-laurier-noir.png","width":420,"height":400,"caption":"Fight-District\u00ae | Official Store"},"image":{"@id":"https:\/\/store.fight-district.com\/en\/#\/schema\/logo\/image\/"},"sameAs":["https:\/\/www.facebook.com\/fightdistrict.store","https:\/\/www.instagram.com\/fightdistrict.store\/"]}]}},"_links":{"self":[{"href":"https:\/\/store.fight-district.com\/en\/wp-json\/wp\/v2\/product\/43170","targetHints":{"allow":["GET"]}}],"collection":[{"href":"https:\/\/store.fight-district.com\/en\/wp-json\/wp\/v2\/product"}],"about":[{"href":"https:\/\/store.fight-district.com\/en\/wp-json\/wp\/v2\/types\/product"}],"replies":[{"embeddable":true,"href":"https:\/\/store.fight-district.com\/en\/wp-json\/wp\/v2\/comments?post=43170"}],"version-history":[{"count":2,"href":"https:\/\/store.fight-district.com\/en\/wp-json\/wp\/v2\/product\/43170\/revisions"}],"predecessor-version":[{"id":47650,"href":"https:\/\/store.fight-district.com\/en\/wp-json\/wp\/v2\/product\/43170\/revisions\/47650"}],"wp:featuredmedia":[{"embeddable":true,"href":"https:\/\/store.fight-district.com\/en\/wp-json\/wp\/v2\/media\/45861"}],"wp:attachment":[{"href":"https:\/\/store.fight-district.com\/en\/wp-json\/wp\/v2\/media?parent=43170"}],"wp:term":[{"taxonomy":"product_brand","embeddable":true,"href":"https:\/\/store.fight-district.com\/en\/wp-json\/wp\/v2\/product_brand?post=43170"},{"taxonomy":"product_cat","embeddable":true,"href":"https:\/\/store.fight-district.com\/en\/wp-json\/wp\/v2\/product_cat?post=43170"},{"taxonomy":"product_tag","embeddable":true,"href":"https:\/\/store.fight-district.com\/en\/wp-json\/wp\/v2\/product_tag?post=43170"}],"curies":[{"name":"wp","href":"https:\/\/api.w.org\/{rel}","templated":true}]}}