{"id":46485,"date":"2024-12-12T08:00:18","date_gmt":"2024-12-12T07:00:18","guid":{"rendered":"https:\/\/store.fight-district.com\/?post_type=product&#038;p=46485"},"modified":"2025-12-03T13:37:25","modified_gmt":"2025-12-03T12:37:25","slug":"hoodie-black-laurier-white-small-women","status":"publish","type":"product","link":"https:\/\/store.fight-district.com\/en\/product\/hoodie-black-laurier-white-small-women\/","title":{"rendered":"Hoodie Black Laurier White Small"},"content":{"rendered":"<ul>\n<li><span data-sheets-value=\"{\"1\":2,\"2\":\"Manches mont\u00e9esnCapuche doubl\u00e9e dans la mati\u00e8re principalenCordon rond, ton sur ton, avec embout de finition m\u00e9talnOeillets m\u00e9talnBande de propret\u00e9 int\u00e9rieur col en chevronn1\/2 lune int\u00e9rieur col dans la mati\u00e8re principalenSurpiq\u00fbre simple \u00e0 l\u2019encolure et autour de la capuchenC\u00f4te 1\u00d71 au bas de manches et bas de corpsnSurpiq\u00fbre double aux emmanchures, bas de manches et bas de corpsnPoche kangourou\"}\" data-sheets-userformat=\"{\"2\":4286,\"4\":{\"1\":2,\"2\":16776960},\"5\":{\"1\":[{\"1\":2,\"2\":0,\"5\":{\"1\":2,\"2\":0}},{\"1\":0,\"2\":0,\"3\":3},{\"1\":1,\"2\":0,\"4\":1}]},\"6\":{\"1\":[{\"1\":2,\"2\":0,\"5\":{\"1\":2,\"2\":0}},{\"1\":0,\"2\":0,\"3\":3},{\"1\":1,\"2\":0,\"4\":1}]},\"7\":{\"1\":[{\"1\":2,\"2\":0,\"5\":{\"1\":2,\"2\":0}},{\"1\":0,\"2\":0,\"3\":3},{\"1\":1,\"2\":0,\"4\":1}]},\"8\":{\"1\":[{\"1\":2,\"2\":0,\"5\":{\"1\":2,\"2\":0}},{\"1\":0,\"2\":0,\"3\":3},{\"1\":1,\"2\":0,\"4\":1}]},\"10\":1,\"15\":\"Arial\"}\" data-sheets-formula=\"='Many Ways'!R[80]C[58]\">Fitted sleeves<br \/>\n<\/span><\/li>\n<li><span data-sheets-value=\"{\"1\":2,\"2\":\"Manches mont\u00e9esnCapuche doubl\u00e9e dans la mati\u00e8re principalenCordon rond, ton sur ton, avec embout de finition m\u00e9talnOeillets m\u00e9talnBande de propret\u00e9 int\u00e9rieur col en chevronn1\/2 lune int\u00e9rieur col dans la mati\u00e8re principalenSurpiq\u00fbre simple \u00e0 l\u2019encolure et autour de la capuchenC\u00f4te 1\u00d71 au bas de manches et bas de corpsnSurpiq\u00fbre double aux emmanchures, bas de manches et bas de corpsnPoche kangourou\"}\" data-sheets-userformat=\"{\"2\":4286,\"4\":{\"1\":2,\"2\":16776960},\"5\":{\"1\":[{\"1\":2,\"2\":0,\"5\":{\"1\":2,\"2\":0}},{\"1\":0,\"2\":0,\"3\":3},{\"1\":1,\"2\":0,\"4\":1}]},\"6\":{\"1\":[{\"1\":2,\"2\":0,\"5\":{\"1\":2,\"2\":0}},{\"1\":0,\"2\":0,\"3\":3},{\"1\":1,\"2\":0,\"4\":1}]},\"7\":{\"1\":[{\"1\":2,\"2\":0,\"5\":{\"1\":2,\"2\":0}},{\"1\":0,\"2\":0,\"3\":3},{\"1\":1,\"2\":0,\"4\":1}]},\"8\":{\"1\":[{\"1\":2,\"2\":0,\"5\":{\"1\":2,\"2\":0}},{\"1\":0,\"2\":0,\"3\":3},{\"1\":1,\"2\":0,\"4\":1}]},\"10\":1,\"15\":\"Arial\"}\" data-sheets-formula=\"='Many Ways'!R[80]C[58]\">Lined hood in the main material<br \/>\n<\/span><\/li>\n<li><span data-sheets-value=\"{\"1\":2,\"2\":\"Manches mont\u00e9esnCapuche doubl\u00e9e dans la mati\u00e8re principalenCordon rond, ton sur ton, avec embout de finition m\u00e9talnOeillets m\u00e9talnBande de propret\u00e9 int\u00e9rieur col en chevronn1\/2 lune int\u00e9rieur col dans la mati\u00e8re principalenSurpiq\u00fbre simple \u00e0 l\u2019encolure et autour de la capuchenC\u00f4te 1\u00d71 au bas de manches et bas de corpsnSurpiq\u00fbre double aux emmanchures, bas de manches et bas de corpsnPoche kangourou\"}\" data-sheets-userformat=\"{\"2\":4286,\"4\":{\"1\":2,\"2\":16776960},\"5\":{\"1\":[{\"1\":2,\"2\":0,\"5\":{\"1\":2,\"2\":0}},{\"1\":0,\"2\":0,\"3\":3},{\"1\":1,\"2\":0,\"4\":1}]},\"6\":{\"1\":[{\"1\":2,\"2\":0,\"5\":{\"1\":2,\"2\":0}},{\"1\":0,\"2\":0,\"3\":3},{\"1\":1,\"2\":0,\"4\":1}]},\"7\":{\"1\":[{\"1\":2,\"2\":0,\"5\":{\"1\":2,\"2\":0}},{\"1\":0,\"2\":0,\"3\":3},{\"1\":1,\"2\":0,\"4\":1}]},\"8\":{\"1\":[{\"1\":2,\"2\":0,\"5\":{\"1\":2,\"2\":0}},{\"1\":0,\"2\":0,\"3\":3},{\"1\":1,\"2\":0,\"4\":1}]},\"10\":1,\"15\":\"Arial\"}\" data-sheets-formula=\"='Many Ways'!R[80]C[58]\">Round cord, tone on tone, with metal end cap<br \/>\n<\/span><\/li>\n<li><span data-sheets-value=\"{\"1\":2,\"2\":\"Manches mont\u00e9esnCapuche doubl\u00e9e dans la mati\u00e8re principalenCordon rond, ton sur ton, avec embout de finition m\u00e9talnOeillets m\u00e9talnBande de propret\u00e9 int\u00e9rieur col en chevronn1\/2 lune int\u00e9rieur col dans la mati\u00e8re principalenSurpiq\u00fbre simple \u00e0 l\u2019encolure et autour de la capuchenC\u00f4te 1\u00d71 au bas de manches et bas de corpsnSurpiq\u00fbre double aux emmanchures, bas de manches et bas de corpsnPoche kangourou\"}\" data-sheets-userformat=\"{\"2\":4286,\"4\":{\"1\":2,\"2\":16776960},\"5\":{\"1\":[{\"1\":2,\"2\":0,\"5\":{\"1\":2,\"2\":0}},{\"1\":0,\"2\":0,\"3\":3},{\"1\":1,\"2\":0,\"4\":1}]},\"6\":{\"1\":[{\"1\":2,\"2\":0,\"5\":{\"1\":2,\"2\":0}},{\"1\":0,\"2\":0,\"3\":3},{\"1\":1,\"2\":0,\"4\":1}]},\"7\":{\"1\":[{\"1\":2,\"2\":0,\"5\":{\"1\":2,\"2\":0}},{\"1\":0,\"2\":0,\"3\":3},{\"1\":1,\"2\":0,\"4\":1}]},\"8\":{\"1\":[{\"1\":2,\"2\":0,\"5\":{\"1\":2,\"2\":0}},{\"1\":0,\"2\":0,\"3\":3},{\"1\":1,\"2\":0,\"4\":1}]},\"10\":1,\"15\":\"Arial\"}\" data-sheets-formula=\"='Many Ways'!R[80]C[58]\">Metal eyelets<br \/>\n<\/span><\/li>\n<li><span data-sheets-value=\"{\"1\":2,\"2\":\"Manches mont\u00e9esnCapuche doubl\u00e9e dans la mati\u00e8re principalenCordon rond, ton sur ton, avec embout de finition m\u00e9talnOeillets m\u00e9talnBande de propret\u00e9 int\u00e9rieur col en chevronn1\/2 lune int\u00e9rieur col dans la mati\u00e8re principalenSurpiq\u00fbre simple \u00e0 l\u2019encolure et autour de la capuchenC\u00f4te 1\u00d71 au bas de manches et bas de corpsnSurpiq\u00fbre double aux emmanchures, bas de manches et bas de corpsnPoche kangourou\"}\" data-sheets-userformat=\"{\"2\":4286,\"4\":{\"1\":2,\"2\":16776960},\"5\":{\"1\":[{\"1\":2,\"2\":0,\"5\":{\"1\":2,\"2\":0}},{\"1\":0,\"2\":0,\"3\":3},{\"1\":1,\"2\":0,\"4\":1}]},\"6\":{\"1\":[{\"1\":2,\"2\":0,\"5\":{\"1\":2,\"2\":0}},{\"1\":0,\"2\":0,\"3\":3},{\"1\":1,\"2\":0,\"4\":1}]},\"7\":{\"1\":[{\"1\":2,\"2\":0,\"5\":{\"1\":2,\"2\":0}},{\"1\":0,\"2\":0,\"3\":3},{\"1\":1,\"2\":0,\"4\":1}]},\"8\":{\"1\":[{\"1\":2,\"2\":0,\"5\":{\"1\":2,\"2\":0}},{\"1\":0,\"2\":0,\"3\":3},{\"1\":1,\"2\":0,\"4\":1}]},\"10\":1,\"15\":\"Arial\"}\" data-sheets-formula=\"='Many Ways'!R[80]C[58]\">Herringbone collar lining<br \/>\n<\/span><\/li>\n<li><span data-sheets-value=\"{\"1\":2,\"2\":\"Manches mont\u00e9esnCapuche doubl\u00e9e dans la mati\u00e8re principalenCordon rond, ton sur ton, avec embout de finition m\u00e9talnOeillets m\u00e9talnBande de propret\u00e9 int\u00e9rieur col en chevronn1\/2 lune int\u00e9rieur col dans la mati\u00e8re principalenSurpiq\u00fbre simple \u00e0 l\u2019encolure et autour de la capuchenC\u00f4te 1\u00d71 au bas de manches et bas de corpsnSurpiq\u00fbre double aux emmanchures, bas de manches et bas de corpsnPoche kangourou\"}\" data-sheets-userformat=\"{\"2\":4286,\"4\":{\"1\":2,\"2\":16776960},\"5\":{\"1\":[{\"1\":2,\"2\":0,\"5\":{\"1\":2,\"2\":0}},{\"1\":0,\"2\":0,\"3\":3},{\"1\":1,\"2\":0,\"4\":1}]},\"6\":{\"1\":[{\"1\":2,\"2\":0,\"5\":{\"1\":2,\"2\":0}},{\"1\":0,\"2\":0,\"3\":3},{\"1\":1,\"2\":0,\"4\":1}]},\"7\":{\"1\":[{\"1\":2,\"2\":0,\"5\":{\"1\":2,\"2\":0}},{\"1\":0,\"2\":0,\"3\":3},{\"1\":1,\"2\":0,\"4\":1}]},\"8\":{\"1\":[{\"1\":2,\"2\":0,\"5\":{\"1\":2,\"2\":0}},{\"1\":0,\"2\":0,\"3\":3},{\"1\":1,\"2\":0,\"4\":1}]},\"10\":1,\"15\":\"Arial\"}\" data-sheets-formula=\"='Many Ways'!R[80]C[58]\">1\/2 moon inside collar in main material<br \/>\n<\/span><\/li>\n<li><span data-sheets-value=\"{\"1\":2,\"2\":\"Manches mont\u00e9esnCapuche doubl\u00e9e dans la mati\u00e8re principalenCordon rond, ton sur ton, avec embout de finition m\u00e9talnOeillets m\u00e9talnBande de propret\u00e9 int\u00e9rieur col en chevronn1\/2 lune int\u00e9rieur col dans la mati\u00e8re principalenSurpiq\u00fbre simple \u00e0 l\u2019encolure et autour de la capuchenC\u00f4te 1\u00d71 au bas de manches et bas de corpsnSurpiq\u00fbre double aux emmanchures, bas de manches et bas de corpsnPoche kangourou\"}\" data-sheets-userformat=\"{\"2\":4286,\"4\":{\"1\":2,\"2\":16776960},\"5\":{\"1\":[{\"1\":2,\"2\":0,\"5\":{\"1\":2,\"2\":0}},{\"1\":0,\"2\":0,\"3\":3},{\"1\":1,\"2\":0,\"4\":1}]},\"6\":{\"1\":[{\"1\":2,\"2\":0,\"5\":{\"1\":2,\"2\":0}},{\"1\":0,\"2\":0,\"3\":3},{\"1\":1,\"2\":0,\"4\":1}]},\"7\":{\"1\":[{\"1\":2,\"2\":0,\"5\":{\"1\":2,\"2\":0}},{\"1\":0,\"2\":0,\"3\":3},{\"1\":1,\"2\":0,\"4\":1}]},\"8\":{\"1\":[{\"1\":2,\"2\":0,\"5\":{\"1\":2,\"2\":0}},{\"1\":0,\"2\":0,\"3\":3},{\"1\":1,\"2\":0,\"4\":1}]},\"10\":1,\"15\":\"Arial\"}\" data-sheets-formula=\"='Many Ways'!R[80]C[58]\">Single-needle stitching at neckline and around hood<br \/>\n<\/span><\/li>\n<li><span data-sheets-value=\"{\"1\":2,\"2\":\"Manches mont\u00e9esnCapuche doubl\u00e9e dans la mati\u00e8re principalenCordon rond, ton sur ton, avec embout de finition m\u00e9talnOeillets m\u00e9talnBande de propret\u00e9 int\u00e9rieur col en chevronn1\/2 lune int\u00e9rieur col dans la mati\u00e8re principalenSurpiq\u00fbre simple \u00e0 l\u2019encolure et autour de la capuchenC\u00f4te 1\u00d71 au bas de manches et bas de corpsnSurpiq\u00fbre double aux emmanchures, bas de manches et bas de corpsnPoche kangourou\"}\" data-sheets-userformat=\"{\"2\":4286,\"4\":{\"1\":2,\"2\":16776960},\"5\":{\"1\":[{\"1\":2,\"2\":0,\"5\":{\"1\":2,\"2\":0}},{\"1\":0,\"2\":0,\"3\":3},{\"1\":1,\"2\":0,\"4\":1}]},\"6\":{\"1\":[{\"1\":2,\"2\":0,\"5\":{\"1\":2,\"2\":0}},{\"1\":0,\"2\":0,\"3\":3},{\"1\":1,\"2\":0,\"4\":1}]},\"7\":{\"1\":[{\"1\":2,\"2\":0,\"5\":{\"1\":2,\"2\":0}},{\"1\":0,\"2\":0,\"3\":3},{\"1\":1,\"2\":0,\"4\":1}]},\"8\":{\"1\":[{\"1\":2,\"2\":0,\"5\":{\"1\":2,\"2\":0}},{\"1\":0,\"2\":0,\"3\":3},{\"1\":1,\"2\":0,\"4\":1}]},\"10\":1,\"15\":\"Arial\"}\" data-sheets-formula=\"='Many Ways'!R[80]C[58]\">1\u00d71 ribbing on sleeves and hem<br \/>\n<\/span><\/li>\n<li><span data-sheets-value=\"{\"1\":2,\"2\":\"Manches mont\u00e9esnCapuche doubl\u00e9e dans la mati\u00e8re principalenCordon rond, ton sur ton, avec embout de finition m\u00e9talnOeillets m\u00e9talnBande de propret\u00e9 int\u00e9rieur col en chevronn1\/2 lune int\u00e9rieur col dans la mati\u00e8re principalenSurpiq\u00fbre simple \u00e0 l\u2019encolure et autour de la capuchenC\u00f4te 1\u00d71 au bas de manches et bas de corpsnSurpiq\u00fbre double aux emmanchures, bas de manches et bas de corpsnPoche kangourou\"}\" data-sheets-userformat=\"{\"2\":4286,\"4\":{\"1\":2,\"2\":16776960},\"5\":{\"1\":[{\"1\":2,\"2\":0,\"5\":{\"1\":2,\"2\":0}},{\"1\":0,\"2\":0,\"3\":3},{\"1\":1,\"2\":0,\"4\":1}]},\"6\":{\"1\":[{\"1\":2,\"2\":0,\"5\":{\"1\":2,\"2\":0}},{\"1\":0,\"2\":0,\"3\":3},{\"1\":1,\"2\":0,\"4\":1}]},\"7\":{\"1\":[{\"1\":2,\"2\":0,\"5\":{\"1\":2,\"2\":0}},{\"1\":0,\"2\":0,\"3\":3},{\"1\":1,\"2\":0,\"4\":1}]},\"8\":{\"1\":[{\"1\":2,\"2\":0,\"5\":{\"1\":2,\"2\":0}},{\"1\":0,\"2\":0,\"3\":3},{\"1\":1,\"2\":0,\"4\":1}]},\"10\":1,\"15\":\"Arial\"}\" data-sheets-formula=\"='Many Ways'!R[80]C[58]\">Double-needle stitching at armholes, bottom sleeves and bottom hem<br \/>\n<\/span><\/li>\n<li><span data-sheets-value=\"{\"1\":2,\"2\":\"Manches mont\u00e9esnCapuche doubl\u00e9e dans la mati\u00e8re principalenCordon rond, ton sur ton, avec embout de finition m\u00e9talnOeillets m\u00e9talnBande de propret\u00e9 int\u00e9rieur col en chevronn1\/2 lune int\u00e9rieur col dans la mati\u00e8re principalenSurpiq\u00fbre simple \u00e0 l\u2019encolure et autour de la capuchenC\u00f4te 1\u00d71 au bas de manches et bas de corpsnSurpiq\u00fbre double aux emmanchures, bas de manches et bas de corpsnPoche kangourou\"}\" data-sheets-userformat=\"{\"2\":4286,\"4\":{\"1\":2,\"2\":16776960},\"5\":{\"1\":[{\"1\":2,\"2\":0,\"5\":{\"1\":2,\"2\":0}},{\"1\":0,\"2\":0,\"3\":3},{\"1\":1,\"2\":0,\"4\":1}]},\"6\":{\"1\":[{\"1\":2,\"2\":0,\"5\":{\"1\":2,\"2\":0}},{\"1\":0,\"2\":0,\"3\":3},{\"1\":1,\"2\":0,\"4\":1}]},\"7\":{\"1\":[{\"1\":2,\"2\":0,\"5\":{\"1\":2,\"2\":0}},{\"1\":0,\"2\":0,\"3\":3},{\"1\":1,\"2\":0,\"4\":1}]},\"8\":{\"1\":[{\"1\":2,\"2\":0,\"5\":{\"1\":2,\"2\":0}},{\"1\":0,\"2\":0,\"3\":3},{\"1\":1,\"2\":0,\"4\":1}]},\"10\":1,\"15\":\"Arial\"}\" data-sheets-formula=\"='Many Ways'!R[80]C[58]\">Kangaroo pocket<\/span><\/li>\n<\/ul>\n","protected":false},"excerpt":{"rendered":"<p>Stand out from the crowd with this Fight-District hoodie, emblematic of our street spirit. With its lined hood and kangaroo pocket, you&#8217;ll be ready for all your daily adventures. The Regular Laurier symbolises the strength of those who dare to be different. A must-have for all daredevils!<\/p>\n","protected":false},"featured_media":46442,"comment_status":"closed","ping_status":"closed","template":"","meta":[],"product_brand":[],"product_cat":[402,389,370,367],"product_tag":[],"class_list":{"0":"post-46485","1":"product","2":"type-product","3":"status-publish","4":"has-post-thumbnail","6":"product_cat-hoodies-men","7":"product_cat-laurier-en","8":"product_cat-streetwear-en","9":"product_cat-women-streetwear-en","11":"first","12":"instock","13":"taxable","14":"shipping-taxable","15":"purchasable","16":"product-type-variable"},"supplier_id":null,"supplier_sku":"","barcode":null,"atum_controlled":true,"out_stock_date":null,"out_stock_threshold":null,"inheritable":true,"inbound_stock":0,"stock_on_hold":0,"sold_today":0,"sales_last_days":0,"reserved_stock":0,"customer_returns":0,"warehouse_damage":0,"lost_in_post":0,"other_logs":0,"out_stock_days":0,"lost_sales":0,"has_location":true,"update_date":"2026-04-16T02:41:01","atum_locations":[{"id":577,"name":"A05.02.03.1","slug":"a05-02-03-1"},{"id":578,"name":"A05.02.03.2","slug":"a05-02-03-2"},{"id":574,"name":"A05.02.04.2","slug":"a05-02-04-2"},{"id":575,"name":"A05.02.04.3","slug":"a05-02-04-3"},{"id":576,"name":"A05.02.04.4","slug":"a05-02-04-4"}],"atum_stock_status":"instock","restock_status":false,"low_stock_amount":"","sales_update_date":"2026-04-16T02:41:01","calc_backorders":null,"yoast_head":"<!-- This site is optimized with the Yoast SEO plugin v27.3 - https:\/\/yoast.com\/product\/yoast-seo-wordpress\/ -->\n<title>Hoodie Laurier | Fight-District Store\u00ae<\/title>\n<meta name=\"description\" content=\"Because you fight every day for what&#039;s important to you, this ultra-comfortable blue Laurier logo hoodie is just for you.\" \/>\n<meta name=\"robots\" content=\"index, follow, max-snippet:-1, max-image-preview:large, max-video-preview:-1\" \/>\n<link rel=\"canonical\" href=\"https:\/\/store.fight-district.com\/en\/product\/hoodie-black-laurier-white-small-women\/\" \/>\n<meta property=\"og:locale\" content=\"en_US\" \/>\n<meta property=\"og:type\" content=\"article\" \/>\n<meta property=\"og:title\" content=\"Hoodie Laurier | Fight-District Store\u00ae\" \/>\n<meta property=\"og:description\" content=\"Because you fight every day for what&#039;s important to you, this ultra-comfortable blue Laurier logo hoodie is just for you.\" \/>\n<meta property=\"og:url\" content=\"https:\/\/store.fight-district.com\/en\/product\/hoodie-black-laurier-white-small-women\/\" \/>\n<meta property=\"og:site_name\" content=\"Fight-District Store\u00ae\" \/>\n<meta property=\"article:publisher\" content=\"https:\/\/www.facebook.com\/fightdistrict.store\" \/>\n<meta property=\"article:modified_time\" content=\"2025-12-03T12:37:25+00:00\" \/>\n<meta property=\"og:image\" content=\"https:\/\/store.fight-district.com\/wp-content\/uploads\/2024\/12\/F_Hoodie-Laurier-noirbanc-1.jpg\" \/>\n\t<meta property=\"og:image:width\" content=\"1080\" \/>\n\t<meta property=\"og:image:height\" content=\"1080\" \/>\n\t<meta property=\"og:image:type\" content=\"image\/jpeg\" \/>\n<meta name=\"twitter:card\" content=\"summary_large_image\" \/>\n<meta name=\"twitter:label1\" content=\"Est. reading time\" \/>\n\t<meta name=\"twitter:data1\" content=\"1 minute\" \/>\n<script type=\"application\/ld+json\" class=\"yoast-schema-graph\">{\"@context\":\"https:\\\/\\\/schema.org\",\"@graph\":[{\"@type\":\"WebPage\",\"@id\":\"https:\\\/\\\/store.fight-district.com\\\/en\\\/product\\\/hoodie-black-laurier-white-small-women\\\/\",\"url\":\"https:\\\/\\\/store.fight-district.com\\\/en\\\/product\\\/hoodie-black-laurier-white-small-women\\\/\",\"name\":\"Hoodie Laurier | Fight-District Store\u00ae\",\"isPartOf\":{\"@id\":\"https:\\\/\\\/store.fight-district.com\\\/en\\\/#website\"},\"primaryImageOfPage\":{\"@id\":\"https:\\\/\\\/store.fight-district.com\\\/en\\\/product\\\/hoodie-black-laurier-white-small-women\\\/#primaryimage\"},\"image\":{\"@id\":\"https:\\\/\\\/store.fight-district.com\\\/en\\\/product\\\/hoodie-black-laurier-white-small-women\\\/#primaryimage\"},\"thumbnailUrl\":\"https:\\\/\\\/store.fight-district.com\\\/wp-content\\\/uploads\\\/2024\\\/12\\\/F_Hoodie-Laurier-noirbanc-1.jpg\",\"datePublished\":\"2024-12-12T07:00:18+00:00\",\"dateModified\":\"2025-12-03T12:37:25+00:00\",\"description\":\"Because you fight every day for what's important to you, this ultra-comfortable blue Laurier logo hoodie is just for you.\",\"breadcrumb\":{\"@id\":\"https:\\\/\\\/store.fight-district.com\\\/en\\\/product\\\/hoodie-black-laurier-white-small-women\\\/#breadcrumb\"},\"inLanguage\":\"en-US\",\"potentialAction\":[{\"@type\":\"ReadAction\",\"target\":[\"https:\\\/\\\/store.fight-district.com\\\/en\\\/product\\\/hoodie-black-laurier-white-small-women\\\/\"]}]},{\"@type\":\"ImageObject\",\"inLanguage\":\"en-US\",\"@id\":\"https:\\\/\\\/store.fight-district.com\\\/en\\\/product\\\/hoodie-black-laurier-white-small-women\\\/#primaryimage\",\"url\":\"https:\\\/\\\/store.fight-district.com\\\/wp-content\\\/uploads\\\/2024\\\/12\\\/F_Hoodie-Laurier-noirbanc-1.jpg\",\"contentUrl\":\"https:\\\/\\\/store.fight-district.com\\\/wp-content\\\/uploads\\\/2024\\\/12\\\/F_Hoodie-Laurier-noirbanc-1.jpg\",\"width\":1080,\"height\":1080},{\"@type\":\"BreadcrumbList\",\"@id\":\"https:\\\/\\\/store.fight-district.com\\\/en\\\/product\\\/hoodie-black-laurier-white-small-women\\\/#breadcrumb\",\"itemListElement\":[{\"@type\":\"ListItem\",\"position\":1,\"name\":\"Home\",\"item\":\"https:\\\/\\\/store.fight-district.com\\\/en\\\/\"},{\"@type\":\"ListItem\",\"position\":2,\"name\":\"Shop\",\"item\":\"https:\\\/\\\/store.fight-district.com\\\/shop\\\/\"},{\"@type\":\"ListItem\",\"position\":3,\"name\":\"Hoodie Black Laurier White Small\"}]},{\"@type\":\"WebSite\",\"@id\":\"https:\\\/\\\/store.fight-district.com\\\/en\\\/#website\",\"url\":\"https:\\\/\\\/store.fight-district.com\\\/en\\\/\",\"name\":\"Fight-District Store\u00ae | Official Store\",\"description\":\"Your fight, your style !\",\"publisher\":{\"@id\":\"https:\\\/\\\/store.fight-district.com\\\/en\\\/#organization\"},\"alternateName\":\"Fight-District Store\u00ae | Official Store\",\"potentialAction\":[{\"@type\":\"SearchAction\",\"target\":{\"@type\":\"EntryPoint\",\"urlTemplate\":\"https:\\\/\\\/store.fight-district.com\\\/en\\\/?s={search_term_string}\"},\"query-input\":{\"@type\":\"PropertyValueSpecification\",\"valueRequired\":true,\"valueName\":\"search_term_string\"}}],\"inLanguage\":\"en-US\"},{\"@type\":\"Organization\",\"@id\":\"https:\\\/\\\/store.fight-district.com\\\/en\\\/#organization\",\"name\":\"Fight-District\u00ae | Official Store\",\"url\":\"https:\\\/\\\/store.fight-district.com\\\/en\\\/\",\"logo\":{\"@type\":\"ImageObject\",\"inLanguage\":\"en-US\",\"@id\":\"https:\\\/\\\/store.fight-district.com\\\/en\\\/#\\\/schema\\\/logo\\\/image\\\/\",\"url\":\"https:\\\/\\\/store.fight-district.com\\\/wp-content\\\/uploads\\\/2023\\\/07\\\/Logo-laurier-noir.png\",\"contentUrl\":\"https:\\\/\\\/store.fight-district.com\\\/wp-content\\\/uploads\\\/2023\\\/07\\\/Logo-laurier-noir.png\",\"width\":420,\"height\":400,\"caption\":\"Fight-District\u00ae | Official Store\"},\"image\":{\"@id\":\"https:\\\/\\\/store.fight-district.com\\\/en\\\/#\\\/schema\\\/logo\\\/image\\\/\"},\"sameAs\":[\"https:\\\/\\\/www.facebook.com\\\/fightdistrict.store\",\"https:\\\/\\\/www.instagram.com\\\/fightdistrict.store\\\/\"]}]}<\/script>\n<!-- \/ Yoast SEO plugin. -->","yoast_head_json":{"title":"Hoodie Laurier | Fight-District Store\u00ae","description":"Because you fight every day for what's important to you, this ultra-comfortable blue Laurier logo hoodie is just for you.","robots":{"index":"index","follow":"follow","max-snippet":"max-snippet:-1","max-image-preview":"max-image-preview:large","max-video-preview":"max-video-preview:-1"},"canonical":"https:\/\/store.fight-district.com\/en\/product\/hoodie-black-laurier-white-small-women\/","og_locale":"en_US","og_type":"article","og_title":"Hoodie Laurier | Fight-District Store\u00ae","og_description":"Because you fight every day for what's important to you, this ultra-comfortable blue Laurier logo hoodie is just for you.","og_url":"https:\/\/store.fight-district.com\/en\/product\/hoodie-black-laurier-white-small-women\/","og_site_name":"Fight-District Store\u00ae","article_publisher":"https:\/\/www.facebook.com\/fightdistrict.store","article_modified_time":"2025-12-03T12:37:25+00:00","og_image":[{"width":1080,"height":1080,"url":"https:\/\/store.fight-district.com\/wp-content\/uploads\/2024\/12\/F_Hoodie-Laurier-noirbanc-1.jpg","type":"image\/jpeg"}],"twitter_card":"summary_large_image","twitter_misc":{"Est. reading time":"1 minute"},"schema":{"@context":"https:\/\/schema.org","@graph":[{"@type":"WebPage","@id":"https:\/\/store.fight-district.com\/en\/product\/hoodie-black-laurier-white-small-women\/","url":"https:\/\/store.fight-district.com\/en\/product\/hoodie-black-laurier-white-small-women\/","name":"Hoodie Laurier | Fight-District Store\u00ae","isPartOf":{"@id":"https:\/\/store.fight-district.com\/en\/#website"},"primaryImageOfPage":{"@id":"https:\/\/store.fight-district.com\/en\/product\/hoodie-black-laurier-white-small-women\/#primaryimage"},"image":{"@id":"https:\/\/store.fight-district.com\/en\/product\/hoodie-black-laurier-white-small-women\/#primaryimage"},"thumbnailUrl":"https:\/\/store.fight-district.com\/wp-content\/uploads\/2024\/12\/F_Hoodie-Laurier-noirbanc-1.jpg","datePublished":"2024-12-12T07:00:18+00:00","dateModified":"2025-12-03T12:37:25+00:00","description":"Because you fight every day for what's important to you, this ultra-comfortable blue Laurier logo hoodie is just for you.","breadcrumb":{"@id":"https:\/\/store.fight-district.com\/en\/product\/hoodie-black-laurier-white-small-women\/#breadcrumb"},"inLanguage":"en-US","potentialAction":[{"@type":"ReadAction","target":["https:\/\/store.fight-district.com\/en\/product\/hoodie-black-laurier-white-small-women\/"]}]},{"@type":"ImageObject","inLanguage":"en-US","@id":"https:\/\/store.fight-district.com\/en\/product\/hoodie-black-laurier-white-small-women\/#primaryimage","url":"https:\/\/store.fight-district.com\/wp-content\/uploads\/2024\/12\/F_Hoodie-Laurier-noirbanc-1.jpg","contentUrl":"https:\/\/store.fight-district.com\/wp-content\/uploads\/2024\/12\/F_Hoodie-Laurier-noirbanc-1.jpg","width":1080,"height":1080},{"@type":"BreadcrumbList","@id":"https:\/\/store.fight-district.com\/en\/product\/hoodie-black-laurier-white-small-women\/#breadcrumb","itemListElement":[{"@type":"ListItem","position":1,"name":"Home","item":"https:\/\/store.fight-district.com\/en\/"},{"@type":"ListItem","position":2,"name":"Shop","item":"https:\/\/store.fight-district.com\/shop\/"},{"@type":"ListItem","position":3,"name":"Hoodie Black Laurier White Small"}]},{"@type":"WebSite","@id":"https:\/\/store.fight-district.com\/en\/#website","url":"https:\/\/store.fight-district.com\/en\/","name":"Fight-District Store\u00ae | Official Store","description":"Your fight, your style !","publisher":{"@id":"https:\/\/store.fight-district.com\/en\/#organization"},"alternateName":"Fight-District Store\u00ae | Official Store","potentialAction":[{"@type":"SearchAction","target":{"@type":"EntryPoint","urlTemplate":"https:\/\/store.fight-district.com\/en\/?s={search_term_string}"},"query-input":{"@type":"PropertyValueSpecification","valueRequired":true,"valueName":"search_term_string"}}],"inLanguage":"en-US"},{"@type":"Organization","@id":"https:\/\/store.fight-district.com\/en\/#organization","name":"Fight-District\u00ae | Official Store","url":"https:\/\/store.fight-district.com\/en\/","logo":{"@type":"ImageObject","inLanguage":"en-US","@id":"https:\/\/store.fight-district.com\/en\/#\/schema\/logo\/image\/","url":"https:\/\/store.fight-district.com\/wp-content\/uploads\/2023\/07\/Logo-laurier-noir.png","contentUrl":"https:\/\/store.fight-district.com\/wp-content\/uploads\/2023\/07\/Logo-laurier-noir.png","width":420,"height":400,"caption":"Fight-District\u00ae | Official Store"},"image":{"@id":"https:\/\/store.fight-district.com\/en\/#\/schema\/logo\/image\/"},"sameAs":["https:\/\/www.facebook.com\/fightdistrict.store","https:\/\/www.instagram.com\/fightdistrict.store\/"]}]}},"_links":{"self":[{"href":"https:\/\/store.fight-district.com\/en\/wp-json\/wp\/v2\/product\/46485","targetHints":{"allow":["GET"]}}],"collection":[{"href":"https:\/\/store.fight-district.com\/en\/wp-json\/wp\/v2\/product"}],"about":[{"href":"https:\/\/store.fight-district.com\/en\/wp-json\/wp\/v2\/types\/product"}],"replies":[{"embeddable":true,"href":"https:\/\/store.fight-district.com\/en\/wp-json\/wp\/v2\/comments?post=46485"}],"version-history":[{"count":2,"href":"https:\/\/store.fight-district.com\/en\/wp-json\/wp\/v2\/product\/46485\/revisions"}],"predecessor-version":[{"id":47473,"href":"https:\/\/store.fight-district.com\/en\/wp-json\/wp\/v2\/product\/46485\/revisions\/47473"}],"wp:featuredmedia":[{"embeddable":true,"href":"https:\/\/store.fight-district.com\/en\/wp-json\/wp\/v2\/media\/46442"}],"wp:attachment":[{"href":"https:\/\/store.fight-district.com\/en\/wp-json\/wp\/v2\/media?parent=46485"}],"wp:term":[{"taxonomy":"product_brand","embeddable":true,"href":"https:\/\/store.fight-district.com\/en\/wp-json\/wp\/v2\/product_brand?post=46485"},{"taxonomy":"product_cat","embeddable":true,"href":"https:\/\/store.fight-district.com\/en\/wp-json\/wp\/v2\/product_cat?post=46485"},{"taxonomy":"product_tag","embeddable":true,"href":"https:\/\/store.fight-district.com\/en\/wp-json\/wp\/v2\/product_tag?post=46485"}],"curies":[{"name":"wp","href":"https:\/\/api.w.org\/{rel}","templated":true}]}}